{"id":36627,"date":"2026-03-19T12:59:16","date_gmt":"2026-03-19T08:59:16","guid":{"rendered":"https:\/\/aba.az\/expert-groups\/internal-audit\/"},"modified":"2026-03-19T12:59:16","modified_gmt":"2026-03-19T08:59:16","slug":"internal-audit","status":"publish","type":"page","link":"https:\/\/aba.az\/en\/expert-groups\/internal-audit\/","title":{"rendered":"Internal Audit"},"content":{"rendered":"&#13;\n&#13;\n<strong>Qrupun missiyas\u0131:<\/strong>\u00a0Yerli v\u0259 xarici t\u0259cr\u00fcb\u0259l\u0259ri \u00f6yr\u0259nm\u0259kl\u0259, daxili audit i\u015finin t\u0259kmill\u0259\u015fdirilm\u0259si v\u0259 onun bizn\u0259s\u0259 qatd\u0131\u011f\u0131 d\u0259y\u0259rin art\u0131r\u0131lmas\u0131na nail olmaq.&#13;\n&#13;\n&#13;\n&#13;\n<strong>Qrup \u00fczvl\u0259ri:\u00a0<\/strong>Yerli Banklar\u0131n Daxili audit b\u00f6lm\u0259l\u0259rinin r\u0259hb\u0259rl\u0259ri v\u0259 ya r\u0259hb\u0259r m\u00fcavinl\u0259ri&#13;\n&#13;\n&#13;\n&#13;\n<strong>Qrupun f\u0259aliyy\u0259t istiqam\u0259tl\u0259ri:<\/strong>&#13;\n&#13;\n&#13;\n<ol class=\"wp-block-list\">&#13;\n \t<li>Updating or drafting regulatory acts related to internal audit activities;<\/li>&#13;\n \t<li>Updating the legal regulatory framework governing banking activities or resolving existing issues;<\/li>&#13;\n \t<li>Conducting analyses and investigations related to internal audit activities;<\/li>&#13;\n \t<li>Studying \u00abBest practices\u00bb and organizing the implementation of unified approaches;<\/li>&#13;\n \t<li>Organizing training \/ conferences \/ seminars to enhance the professional qualifications of auditors;<\/li>&#13;\n \t<li>Establishing business relations with foreign organizations.<\/li>&#13;\n<\/ol>&#13;\n","protected":false},"excerpt":{"rendered":"<p>&#13; &#13; Qrupun missiyas\u0131:\u00a0Yerli v\u0259 xarici t\u0259cr\u00fcb\u0259l\u0259ri \u00f6yr\u0259nm\u0259kl\u0259, daxili audit i\u015finin t\u0259kmill\u0259\u015fdirilm\u0259si v\u0259 onun bizn\u0259s\u0259 qatd\u0131\u011f\u0131 d\u0259y\u0259rin art\u0131r\u0131lmas\u0131na nail olmaq.&#13; &#13; &#13; &#13; Qrup \u00fczvl\u0259ri:\u00a0Yerli Banklar\u0131n Daxili audit b\u00f6lm\u0259l\u0259rinin r\u0259hb\u0259rl\u0259ri v\u0259 ya r\u0259hb\u0259r m\u00fcavinl\u0259ri&#13; &#13; &#13; &#13; Qrupun f\u0259aliyy\u0259t istiqam\u0259tl\u0259ri:&#13; &#13; &#13; &#13; Updating or drafting regulatory acts related to internal audit activities; &#13; Updating [&hellip;]<\/p>\n","protected":false},"author":2,"featured_media":36573,"parent":1390,"menu_order":1,"comment_status":"closed","ping_status":"closed","template":"","meta":{"_acf_changed":false,"footnotes":""},"class_list":["post-36627","page","type-page","status-publish","has-post-thumbnail","hentry"],"acf":[],"_links":{"self":[{"href":"https:\/\/aba.az\/en\/wp-json\/wp\/v2\/pages\/36627","targetHints":{"allow":["GET"]}}],"collection":[{"href":"https:\/\/aba.az\/en\/wp-json\/wp\/v2\/pages"}],"about":[{"href":"https:\/\/aba.az\/en\/wp-json\/wp\/v2\/types\/page"}],"author":[{"embeddable":true,"href":"https:\/\/aba.az\/en\/wp-json\/wp\/v2\/users\/2"}],"replies":[{"embeddable":true,"href":"https:\/\/aba.az\/en\/wp-json\/wp\/v2\/comments?post=36627"}],"version-history":[{"count":1,"href":"https:\/\/aba.az\/en\/wp-json\/wp\/v2\/pages\/36627\/revisions"}],"predecessor-version":[{"id":36628,"href":"https:\/\/aba.az\/en\/wp-json\/wp\/v2\/pages\/36627\/revisions\/36628"}],"up":[{"embeddable":true,"href":"https:\/\/aba.az\/en\/wp-json\/wp\/v2\/pages\/1390"}],"wp:featuredmedia":[{"embeddable":true,"href":"https:\/\/aba.az\/en\/wp-json\/wp\/v2\/media\/36573"}],"wp:attachment":[{"href":"https:\/\/aba.az\/en\/wp-json\/wp\/v2\/media?parent=36627"}],"curies":[{"name":"wp","href":"https:\/\/api.w.org\/{rel}","templated":true}]}}